{"id":19,"date":"2020-11-24T18:31:00","date_gmt":"2020-11-24T17:31:00","guid":{"rendered":"http:\/\/habitatbio.fr\/?page_id=19"},"modified":"2020-12-17T21:00:26","modified_gmt":"2020-12-17T20:00:26","slug":"a-propos-de-habitatbio-est-a-votre-service","status":"publish","type":"page","link":"https:\/\/habitatbio.fr\/?page_id=19","title":{"rendered":"\u00c0 propos de"},"content":{"rendered":"\n<h2 class=\"has-text-align-center has-dark-gray-color has-text-color wp-block-heading\" id=\"h-fort-de-plus-de-vingt-ann-es-d-exp-rience-habitatbio-est-votre-service-pour-le-d-pannage-et-la-maintenance-de-vos-syst-mes-thermiques\">Fort de plus de vingt ann\u00e9es d&rsquo;exp\u00e9rience, <strong>HABITATBIO<\/strong> est \u00e0 votre service pour le d\u00e9pannage et la maintenance de vos syst\u00e8mes Thermiques. <\/h2>\n\n\n\n<p class=\"has-medium-font-size\">Inventer ou adapter la maison de Demain, HABITATBIO est \u00e0 votre service  \u2026<\/p>\n\n\n\n<p class=\"has-medium-font-size\"><strong>Isoler<\/strong>, <strong>Ventiler<\/strong> puis <strong>chauffer<\/strong> : c&rsquo;est la devise de la maison \u00e9conome pour r\u00e9duire sa facture \u00e9nerg\u00e9tique. HABITATBIO est \u00e0 votre service \u2026 Gaz, Fuel, Enr, D\u00e9panner, R\u00e9parer, un professionnel de proximit\u00e9 et \u00e0 votre \u00e9coute pour toutes les urgences. C&rsquo;est alors, qu&rsquo;il vous faut choisir le \u00ab\u00a0Bon\u00a0\u00bb intervenant. Faute de quoi, vous risquez de subir l&rsquo;inconfort et des d\u00e9penses excessives&#8230; Aussi, Pour vos projets de r\u00e9novation, le prix des \u00e9nergies ne cessera d&rsquo;augmenter dans l&rsquo;avenir. Des solutions \u00e9conomiques se d\u00e9mocratisent comme, par exemple, le <strong>chauffe-eau solaire<\/strong>, le <strong>double-r\u00e9seau<\/strong> pour l&rsquo;eau. Aussi, un syst\u00e8me correctement dimensionn\u00e9 permet l&rsquo;autonomie en eau chaude sanitaire pour une famille de cinq personnes du mois d&rsquo; Avril \u00e0 Octobre. De plus, une chaudi\u00e8re \u00e0 condensation, bien r\u00e9gl\u00e9e (analyse de combustion oblige) fioul ou gaz, permet de r\u00e9cup\u00e9rer la chaleur latente des produits de combustion et ainsi, d&rsquo;abaisser la consommation de 30% en moyenne. <\/p>\n\n\n\n<p class=\"has-medium-font-size\"><strong>Une Ventilation<\/strong> \u00ab\u00a0Double Flux\u00a0\u00bb r\u00e9chauffe l&rsquo;air entrant avec l&rsquo;air sortant par l&rsquo;interm\u00e9diaire d&rsquo;un \u00e9changeur. De m\u00eame, une VMI (Ventilation M\u00e9canique Insuffl\u00e9e) peut \u00eatre une solution salvatrice pour r\u00e9gler les probl\u00e8mes d&rsquo;humidit\u00e9 dans le b\u00e2ti. Les isolants thermiques sont de plus en plus<strong> \u00ab\u00a0naturels\u00a0\u00bb<\/strong>. Le march\u00e9 offre aujourd&rsquo;hui, un panel particuli\u00e8rement riche et vari\u00e9.<\/p>\n\n\n\n<p class=\"has-text-align-left has-medium-font-size\"><strong>L\u2019exp\u00e9rience<\/strong> et le bon sens \u00e0 votre service depuis vingt ans. Ax\u00e9 sur les \u00e9nergies renouvelables, habitatbio peut s&rsquo;occuper d&rsquo;analyse de combustion, bilan de chaufferie et d&rsquo;installation. Les po\u00eales \u00e0 pellets offrent \u00e9galement une solution confortable. Le <strong>Gaz naturel<\/strong>, le <strong>Fuel<\/strong>, le <strong>Bois<\/strong> ou les <strong>\u00e9nergies renouvelables<\/strong>, quel que soit le combustible de votre \u00e9quipement, nous avons les comp\u00e9tences requises pour leur <strong>d\u00e9pannage et leur maintenance ! <a href=\"https:\/\/habitatbio.fr\/index.php\/demande-de-depannage-chaudiere-bordeaux-contact\/\">contactez-nous<\/a><\/strong><\/p>\n\n\n\n<p class=\"has-text-align-right has-medium-font-size\">HabitatBio est une marque <a href=\"https:\/\/www.spottmoto.fr\" target=\"_blank\" rel=\"noreferrer noopener\">SPOTT<\/a><\/p>\n\n\n\n<p><\/p>\n","protected":false},"excerpt":{"rendered":"<p>Fort de plus de vingt ann\u00e9es d&rsquo;exp\u00e9rience, HABITATBIO est \u00e0 votre service pour le d\u00e9pannage et la maintenance de vos syst\u00e8mes Thermiques. Inventer ou adapter [&#8230;]<\/p>\n","protected":false},"author":1,"featured_media":57,"parent":0,"menu_order":0,"comment_status":"closed","ping_status":"closed","template":"","meta":{"footnotes":""},"class_list":["post-19","page","type-page","status-publish","has-post-thumbnail","hentry"],"yoast_head":"<!-- This site is optimized with the Yoast SEO Premium plugin v16.7 (Yoast SEO v27.4) - https:\/\/yoast.com\/product\/yoast-seo-premium-wordpress\/ -->\n<title>-HABITATBIO est \u00e0 votre service-\u00c0 propos de * HabitatBio<\/title>\n<meta name=\"description\" content=\"HABITATBIO est \u00e0 votre service \u2026 Gaz, Fuel, Enr, D\u00e9panner, R\u00e9parer, un professionnel de proximit\u00e9 et \u00e0 votre \u00e9coute pour toutes les urgences.\" \/>\n<meta name=\"robots\" content=\"index, follow, max-snippet:-1, max-image-preview:large, max-video-preview:-1\" \/>\n<link rel=\"canonical\" href=\"https:\/\/habitatbio.fr\/?page_id=19\" \/>\n<meta property=\"og:locale\" content=\"fr_FR\" \/>\n<meta property=\"og:type\" content=\"article\" \/>\n<meta property=\"og:title\" content=\"\u00c0 propos de\" \/>\n<meta property=\"og:description\" content=\"HABITATBIO est \u00e0 votre service \u2026 Gaz, Fuel, Enr, D\u00e9panner, R\u00e9parer, un professionnel de proximit\u00e9 et \u00e0 votre \u00e9coute pour toutes les urgences.\" \/>\n<meta property=\"og:url\" content=\"https:\/\/habitatbio.fr\/?page_id=19\" \/>\n<meta property=\"og:site_name\" content=\"HabitatBio\" \/>\n<meta property=\"article:publisher\" content=\"https:\/\/www.facebook.com\/HabitatBio\/\" \/>\n<meta property=\"article:modified_time\" content=\"2020-12-17T20:00:26+00:00\" \/>\n<meta property=\"og:image\" content=\"https:\/\/habitatbio.fr\/wp-content\/uploads\/2020\/04\/energy-1322810_1920.jpg\" \/>\n\t<meta property=\"og:image:width\" content=\"1920\" \/>\n\t<meta property=\"og:image:height\" content=\"1278\" \/>\n\t<meta property=\"og:image:type\" content=\"image\/jpeg\" \/>\n<meta name=\"twitter:card\" content=\"summary_large_image\" \/>\n<meta name=\"twitter:label1\" content=\"Dur\u00e9e de lecture estim\u00e9e\" \/>\n\t<meta name=\"twitter:data1\" content=\"2 minutes\" \/>\n<script type=\"application\/ld+json\" class=\"yoast-schema-graph\">{\"@context\":\"https:\\\/\\\/schema.org\",\"@graph\":[{\"@type\":\"WebPage\",\"@id\":\"https:\\\/\\\/habitatbio.fr\\\/?page_id=19\",\"url\":\"https:\\\/\\\/habitatbio.fr\\\/?page_id=19\",\"name\":\"-HABITATBIO est \u00e0 votre service-\u00c0 propos de * HabitatBio\",\"isPartOf\":{\"@id\":\"https:\\\/\\\/habitatbio.fr\\\/#website\"},\"primaryImageOfPage\":{\"@id\":\"https:\\\/\\\/habitatbio.fr\\\/?page_id=19#primaryimage\"},\"image\":{\"@id\":\"https:\\\/\\\/habitatbio.fr\\\/?page_id=19#primaryimage\"},\"thumbnailUrl\":\"https:\\\/\\\/habitatbio.fr\\\/wp-content\\\/uploads\\\/2020\\\/04\\\/energy-1322810_1920.jpg\",\"datePublished\":\"2020-11-24T17:31:00+00:00\",\"dateModified\":\"2020-12-17T20:00:26+00:00\",\"description\":\"HABITATBIO est \u00e0 votre service \u2026 Gaz, Fuel, Enr, D\u00e9panner, R\u00e9parer, un professionnel de proximit\u00e9 et \u00e0 votre \u00e9coute pour toutes les urgences.\",\"breadcrumb\":{\"@id\":\"https:\\\/\\\/habitatbio.fr\\\/?page_id=19#breadcrumb\"},\"inLanguage\":\"fr-FR\",\"potentialAction\":[{\"@type\":\"ReadAction\",\"target\":[\"https:\\\/\\\/habitatbio.fr\\\/?page_id=19\"]}]},{\"@type\":\"ImageObject\",\"inLanguage\":\"fr-FR\",\"@id\":\"https:\\\/\\\/habitatbio.fr\\\/?page_id=19#primaryimage\",\"url\":\"https:\\\/\\\/habitatbio.fr\\\/wp-content\\\/uploads\\\/2020\\\/04\\\/energy-1322810_1920.jpg\",\"contentUrl\":\"https:\\\/\\\/habitatbio.fr\\\/wp-content\\\/uploads\\\/2020\\\/04\\\/energy-1322810_1920.jpg\",\"width\":1920,\"height\":1278,\"caption\":\"Le d\u00e9pannage multi \u00e9nergie\"},{\"@type\":\"BreadcrumbList\",\"@id\":\"https:\\\/\\\/habitatbio.fr\\\/?page_id=19#breadcrumb\",\"itemListElement\":[{\"@type\":\"ListItem\",\"position\":1,\"name\":\"Accueil\",\"item\":\"https:\\\/\\\/habitatbio.fr\\\/\"},{\"@type\":\"ListItem\",\"position\":2,\"name\":\"\u00c0 propos de\"}]},{\"@type\":\"WebSite\",\"@id\":\"https:\\\/\\\/habitatbio.fr\\\/#website\",\"url\":\"https:\\\/\\\/habitatbio.fr\\\/\",\"name\":\"Spott-HabitatBio\",\"description\":\"D\u00e9pannage et Maintenance chaudi\u00e8res BORDEAUX &amp; ALENTOURS\",\"publisher\":{\"@id\":\"https:\\\/\\\/habitatbio.fr\\\/#organization\"},\"potentialAction\":[{\"@type\":\"SearchAction\",\"target\":{\"@type\":\"EntryPoint\",\"urlTemplate\":\"https:\\\/\\\/habitatbio.fr\\\/?s={search_term_string}\"},\"query-input\":{\"@type\":\"PropertyValueSpecification\",\"valueRequired\":true,\"valueName\":\"search_term_string\"}}],\"inLanguage\":\"fr-FR\"},{\"@type\":\"Organization\",\"@id\":\"https:\\\/\\\/habitatbio.fr\\\/#organization\",\"name\":\"Spott-HabitatBio\",\"url\":\"https:\\\/\\\/habitatbio.fr\\\/\",\"logo\":{\"@type\":\"ImageObject\",\"inLanguage\":\"fr-FR\",\"@id\":\"https:\\\/\\\/habitatbio.fr\\\/#\\\/schema\\\/logo\\\/image\\\/\",\"url\":\"https:\\\/\\\/habitatbio.fr\\\/wp-content\\\/uploads\\\/2020\\\/04\\\/HabitatBio-montagne-couleurs-250x250-1.jpg\",\"contentUrl\":\"https:\\\/\\\/habitatbio.fr\\\/wp-content\\\/uploads\\\/2020\\\/04\\\/HabitatBio-montagne-couleurs-250x250-1.jpg\",\"width\":250,\"height\":250,\"caption\":\"Spott-HabitatBio\"},\"image\":{\"@id\":\"https:\\\/\\\/habitatbio.fr\\\/#\\\/schema\\\/logo\\\/image\\\/\"},\"sameAs\":[\"https:\\\/\\\/www.facebook.com\\\/HabitatBio\\\/\"]}]}<\/script>\n<!-- \/ Yoast SEO Premium plugin. -->","yoast_head_json":{"title":"-HABITATBIO est \u00e0 votre service-\u00c0 propos de * HabitatBio","description":"HABITATBIO est \u00e0 votre service \u2026 Gaz, Fuel, Enr, D\u00e9panner, R\u00e9parer, un professionnel de proximit\u00e9 et \u00e0 votre \u00e9coute pour toutes les urgences.","robots":{"index":"index","follow":"follow","max-snippet":"max-snippet:-1","max-image-preview":"max-image-preview:large","max-video-preview":"max-video-preview:-1"},"canonical":"https:\/\/habitatbio.fr\/?page_id=19","og_locale":"fr_FR","og_type":"article","og_title":"\u00c0 propos de","og_description":"HABITATBIO est \u00e0 votre service \u2026 Gaz, Fuel, Enr, D\u00e9panner, R\u00e9parer, un professionnel de proximit\u00e9 et \u00e0 votre \u00e9coute pour toutes les urgences.","og_url":"https:\/\/habitatbio.fr\/?page_id=19","og_site_name":"HabitatBio","article_publisher":"https:\/\/www.facebook.com\/HabitatBio\/","article_modified_time":"2020-12-17T20:00:26+00:00","og_image":[{"width":1920,"height":1278,"url":"https:\/\/habitatbio.fr\/wp-content\/uploads\/2020\/04\/energy-1322810_1920.jpg","type":"image\/jpeg"}],"twitter_card":"summary_large_image","twitter_misc":{"Dur\u00e9e de lecture estim\u00e9e":"2 minutes"},"schema":{"@context":"https:\/\/schema.org","@graph":[{"@type":"WebPage","@id":"https:\/\/habitatbio.fr\/?page_id=19","url":"https:\/\/habitatbio.fr\/?page_id=19","name":"-HABITATBIO est \u00e0 votre service-\u00c0 propos de * HabitatBio","isPartOf":{"@id":"https:\/\/habitatbio.fr\/#website"},"primaryImageOfPage":{"@id":"https:\/\/habitatbio.fr\/?page_id=19#primaryimage"},"image":{"@id":"https:\/\/habitatbio.fr\/?page_id=19#primaryimage"},"thumbnailUrl":"https:\/\/habitatbio.fr\/wp-content\/uploads\/2020\/04\/energy-1322810_1920.jpg","datePublished":"2020-11-24T17:31:00+00:00","dateModified":"2020-12-17T20:00:26+00:00","description":"HABITATBIO est \u00e0 votre service \u2026 Gaz, Fuel, Enr, D\u00e9panner, R\u00e9parer, un professionnel de proximit\u00e9 et \u00e0 votre \u00e9coute pour toutes les urgences.","breadcrumb":{"@id":"https:\/\/habitatbio.fr\/?page_id=19#breadcrumb"},"inLanguage":"fr-FR","potentialAction":[{"@type":"ReadAction","target":["https:\/\/habitatbio.fr\/?page_id=19"]}]},{"@type":"ImageObject","inLanguage":"fr-FR","@id":"https:\/\/habitatbio.fr\/?page_id=19#primaryimage","url":"https:\/\/habitatbio.fr\/wp-content\/uploads\/2020\/04\/energy-1322810_1920.jpg","contentUrl":"https:\/\/habitatbio.fr\/wp-content\/uploads\/2020\/04\/energy-1322810_1920.jpg","width":1920,"height":1278,"caption":"Le d\u00e9pannage multi \u00e9nergie"},{"@type":"BreadcrumbList","@id":"https:\/\/habitatbio.fr\/?page_id=19#breadcrumb","itemListElement":[{"@type":"ListItem","position":1,"name":"Accueil","item":"https:\/\/habitatbio.fr\/"},{"@type":"ListItem","position":2,"name":"\u00c0 propos de"}]},{"@type":"WebSite","@id":"https:\/\/habitatbio.fr\/#website","url":"https:\/\/habitatbio.fr\/","name":"Spott-HabitatBio","description":"D\u00e9pannage et Maintenance chaudi\u00e8res BORDEAUX &amp; ALENTOURS","publisher":{"@id":"https:\/\/habitatbio.fr\/#organization"},"potentialAction":[{"@type":"SearchAction","target":{"@type":"EntryPoint","urlTemplate":"https:\/\/habitatbio.fr\/?s={search_term_string}"},"query-input":{"@type":"PropertyValueSpecification","valueRequired":true,"valueName":"search_term_string"}}],"inLanguage":"fr-FR"},{"@type":"Organization","@id":"https:\/\/habitatbio.fr\/#organization","name":"Spott-HabitatBio","url":"https:\/\/habitatbio.fr\/","logo":{"@type":"ImageObject","inLanguage":"fr-FR","@id":"https:\/\/habitatbio.fr\/#\/schema\/logo\/image\/","url":"https:\/\/habitatbio.fr\/wp-content\/uploads\/2020\/04\/HabitatBio-montagne-couleurs-250x250-1.jpg","contentUrl":"https:\/\/habitatbio.fr\/wp-content\/uploads\/2020\/04\/HabitatBio-montagne-couleurs-250x250-1.jpg","width":250,"height":250,"caption":"Spott-HabitatBio"},"image":{"@id":"https:\/\/habitatbio.fr\/#\/schema\/logo\/image\/"},"sameAs":["https:\/\/www.facebook.com\/HabitatBio\/"]}]}},"_links":{"self":[{"href":"https:\/\/habitatbio.fr\/index.php?rest_route=\/wp\/v2\/pages\/19","targetHints":{"allow":["GET"]}}],"collection":[{"href":"https:\/\/habitatbio.fr\/index.php?rest_route=\/wp\/v2\/pages"}],"about":[{"href":"https:\/\/habitatbio.fr\/index.php?rest_route=\/wp\/v2\/types\/page"}],"author":[{"embeddable":true,"href":"https:\/\/habitatbio.fr\/index.php?rest_route=\/wp\/v2\/users\/1"}],"replies":[{"embeddable":true,"href":"https:\/\/habitatbio.fr\/index.php?rest_route=%2Fwp%2Fv2%2Fcomments&post=19"}],"version-history":[{"count":16,"href":"https:\/\/habitatbio.fr\/index.php?rest_route=\/wp\/v2\/pages\/19\/revisions"}],"predecessor-version":[{"id":178,"href":"https:\/\/habitatbio.fr\/index.php?rest_route=\/wp\/v2\/pages\/19\/revisions\/178"}],"wp:featuredmedia":[{"embeddable":true,"href":"https:\/\/habitatbio.fr\/index.php?rest_route=\/wp\/v2\/media\/57"}],"wp:attachment":[{"href":"https:\/\/habitatbio.fr\/index.php?rest_route=%2Fwp%2Fv2%2Fmedia&parent=19"}],"curies":[{"name":"wp","href":"https:\/\/api.w.org\/{rel}","templated":true}]}}